{"id":134,"date":"2021-03-15T12:38:42","date_gmt":"2021-03-15T12:38:42","guid":{"rendered":"http:\/\/www.ezustszarvas.hu\/?page_id=134"},"modified":"2021-03-15T13:03:27","modified_gmt":"2021-03-15T13:03:27","slug":"adatvedelem","status":"publish","type":"page","link":"http:\/\/www.ezustszarvas.hu\/?page_id=134","title":{"rendered":"Adatv\u00e9delem"},"content":{"rendered":"\n<div class=\"wp-block-columns\">\n<div class=\"wp-block-column\" style=\"flex-basis:100%\">\n<p>Webes s\u00fctik be\u00e1ll\u00edt\u00e1s\u00e1t: <a data-href=\"#moove_gdpr_cookie_modal\" class=\"change-settings-button\" href=\"\"><strong>itt<\/strong><\/a> lehet m\u00f3dos\u00edtani.<\/p>\n<\/div>\n<\/div>\n","protected":false},"excerpt":{"rendered":"<p>Webes s\u00fctik be\u00e1ll\u00edt\u00e1s\u00e1t: itt lehet m\u00f3dos\u00edtani.<\/p>\n","protected":false},"author":1,"featured_media":0,"parent":0,"menu_order":0,"comment_status":"closed","ping_status":"closed","template":"","meta":[],"_links":{"self":[{"href":"http:\/\/www.ezustszarvas.hu\/index.php?rest_route=\/wp\/v2\/pages\/134"}],"collection":[{"href":"http:\/\/www.ezustszarvas.hu\/index.php?rest_route=\/wp\/v2\/pages"}],"about":[{"href":"http:\/\/www.ezustszarvas.hu\/index.php?rest_route=\/wp\/v2\/types\/page"}],"author":[{"embeddable":true,"href":"http:\/\/www.ezustszarvas.hu\/index.php?rest_route=\/wp\/v2\/users\/1"}],"replies":[{"embeddable":true,"href":"http:\/\/www.ezustszarvas.hu\/index.php?rest_route=%2Fwp%2Fv2%2Fcomments&post=134"}],"version-history":[{"count":11,"href":"http:\/\/www.ezustszarvas.hu\/index.php?rest_route=\/wp\/v2\/pages\/134\/revisions"}],"predecessor-version":[{"id":154,"href":"http:\/\/www.ezustszarvas.hu\/index.php?rest_route=\/wp\/v2\/pages\/134\/revisions\/154"}],"wp:attachment":[{"href":"http:\/\/www.ezustszarvas.hu\/index.php?rest_route=%2Fwp%2Fv2%2Fmedia&parent=134"}],"curies":[{"name":"wp","href":"https:\/\/api.w.org\/{rel}","templated":true}]}}