{"id":112,"date":"2021-03-15T10:57:29","date_gmt":"2021-03-15T10:57:29","guid":{"rendered":"http:\/\/www.ezustszarvas.hu\/?page_id=112"},"modified":"2021-03-15T11:38:53","modified_gmt":"2021-03-15T11:38:53","slug":"koszonto","status":"publish","type":"page","link":"http:\/\/www.ezustszarvas.hu\/","title":{"rendered":"K\u00f6sz\u00f6nt\u0151"},"content":{"rendered":"\n<p>Kedves L\u00e1togat\u00f3, V\u00e1s\u00e1rl\u00f3!<\/p>\n\n\n\n<p>Az Ez\u00fcstszarvas Kft. kiemelt fontoss\u00e1g\u00fanak tartja az \u00fcgyf\u00e9lk\u00f6r\u00e9nek kiszolg\u00e1l\u00e1s\u00e1t, t\u00e1j\u00e9koztat\u00e1s\u00e1t. Ezen c\u00e9lok, ig\u00e9nyek nyom\u00e1n k\u00e9sz\u00fclt el ez a weboldal.<\/p>\n\n\n\n<p>A weboldal azon term\u00e9kek list\u00e1j\u00e1t tartalmazza, melyeket a legt\u00f6bb v\u00e1s\u00e1rl\u00f3 m\u00e1r ismer \u00e9s n\u00e9pszer\u0171nek tart, \u00edgy nagy val\u00f3sz\u00edn\u0171s\u00e9ggel az \u00d6n sz\u00e1m\u00e1ra is fontos lehet.<\/p>\n\n\n\n<p>Ez az oldal nem webshop! Itt csak t\u00e1j\u00e9koz\u00f3dni lehet a term\u00e9kek param\u00e9tereir\u0151l (m\u00e9ret, cikksz\u00e1m, darabsz\u00e1m, stb.).<\/p>\n\n\n\n<p><strong>Term\u00e9kek<\/strong><\/p>\n\n\n\n<p>A bal oldali men\u00fcben tal\u00e1lja a <strong>Kateg\u00f3ri\u00e1k<\/strong> blokkot. Ott v\u00e1laszthatja ki a term\u00e9knek megfelel\u0151 kateg\u00f3ri\u00e1t. Keres\u00e9s mez\u0151be \u00edrva a keresett kifejez\u00e9st, majd a <strong>Search<\/strong> gombra kattintva az oldalon felt\u00fcntetett term\u00e9kek k\u00f6z\u00f6tt kereshet.<\/p>\n\n\n\n<p><strong>Rendel\u00e9s<\/strong><\/p>\n\n\n\n<p>Rendel\u00e9s\u00e9t leadhatja telefonon vagy e-mail -ben az El\u00e9rhet\u0151s\u00e9g alatt felt\u00fcntetett el\u00e9rhet\u0151s\u00e9geken. <\/p>\n\n\n\n<p>Nem tal\u00e1lja az \u00d6n \u00e1ltal keresett term\u00e9ket? K\u00e9rj\u00fck \u00edrjon vagy h\u00edvjon! K\u00e9szs\u00e9ggel \u00e1llunk rendelkez\u00e9s\u00e9re.<\/p>\n\n\n\n<p>Ez\u00fcstszarvas Kft.<\/p>\n","protected":false},"excerpt":{"rendered":"<p>Kedves L\u00e1togat\u00f3, V\u00e1s\u00e1rl\u00f3! Az Ez\u00fcstszarvas Kft. kiemelt fontoss\u00e1g\u00fanak tartja az \u00fcgyf\u00e9lk\u00f6r\u00e9nek kiszolg\u00e1l\u00e1s\u00e1t, t\u00e1j\u00e9koztat\u00e1s\u00e1t. Ezen c\u00e9lok, ig\u00e9nyek nyom\u00e1n k\u00e9sz\u00fclt el ez a weboldal. A weboldal azon term\u00e9kek list\u00e1j\u00e1t tartalmazza, melyeket a legt\u00f6bb v\u00e1s\u00e1rl\u00f3 m\u00e1r ismer \u00e9s n\u00e9pszer\u0171nek tart, \u00edgy nagy val\u00f3sz\u00edn\u0171s\u00e9ggel az \u00d6n sz\u00e1m\u00e1ra is fontos lehet. Ez az oldal nem webshop! Itt csak t\u00e1j\u00e9koz\u00f3dni lehet &hellip;<\/p>\n<p class=\"read-more\"> <a class=\" thunk-readmore button \" href=\"http:\/\/www.ezustszarvas.hu\/\"> <span class=\"screen-reader-text\">K\u00f6sz\u00f6nt\u0151<\/span>Read More<\/a><\/p>\n","protected":false},"author":1,"featured_media":0,"parent":0,"menu_order":0,"comment_status":"closed","ping_status":"closed","template":"","meta":[],"_links":{"self":[{"href":"http:\/\/www.ezustszarvas.hu\/index.php?rest_route=\/wp\/v2\/pages\/112"}],"collection":[{"href":"http:\/\/www.ezustszarvas.hu\/index.php?rest_route=\/wp\/v2\/pages"}],"about":[{"href":"http:\/\/www.ezustszarvas.hu\/index.php?rest_route=\/wp\/v2\/types\/page"}],"author":[{"embeddable":true,"href":"http:\/\/www.ezustszarvas.hu\/index.php?rest_route=\/wp\/v2\/users\/1"}],"replies":[{"embeddable":true,"href":"http:\/\/www.ezustszarvas.hu\/index.php?rest_route=%2Fwp%2Fv2%2Fcomments&post=112"}],"version-history":[{"count":7,"href":"http:\/\/www.ezustszarvas.hu\/index.php?rest_route=\/wp\/v2\/pages\/112\/revisions"}],"predecessor-version":[{"id":155,"href":"http:\/\/www.ezustszarvas.hu\/index.php?rest_route=\/wp\/v2\/pages\/112\/revisions\/155"}],"wp:attachment":[{"href":"http:\/\/www.ezustszarvas.hu\/index.php?rest_route=%2Fwp%2Fv2%2Fmedia&parent=112"}],"curies":[{"name":"wp","href":"https:\/\/api.w.org\/{rel}","templated":true}]}}